{"id":466,"date":"2021-07-14T13:52:56","date_gmt":"2021-07-14T16:52:56","guid":{"rendered":"https:\/\/ricardobarcellos.art.br\/en\/?page_id=466"},"modified":"2026-01-30T10:40:15","modified_gmt":"2026-01-30T13:40:15","slug":"about","status":"publish","type":"page","link":"https:\/\/ricardobarcellos.art.br\/en\/about\/","title":{"rendered":"About"},"content":{"rendered":"\t\t<div data-elementor-type=\"wp-page\" data-elementor-id=\"466\" class=\"elementor elementor-466\" data-elementor-post-type=\"page\">\n\t\t\t\t\t\t<section class=\"elementor-section elementor-top-section elementor-element elementor-element-283ea67 elementor-section-boxed elementor-section-height-default elementor-section-height-default\" data-id=\"283ea67\" data-element_type=\"section\">\n\t\t\t\t\t\t<div class=\"elementor-container elementor-column-gap-default\">\n\t\t\t\t\t<div class=\"elementor-column elementor-col-100 elementor-top-column elementor-element elementor-element-031fbc4\" data-id=\"031fbc4\" data-element_type=\"column\">\n\t\t\t<div class=\"elementor-widget-wrap elementor-element-populated\">\n\t\t\t\t\t\t<div class=\"elementor-element elementor-element-bc83b8d elementor-widget elementor-widget-heading\" data-id=\"bc83b8d\" data-element_type=\"widget\" data-widget_type=\"heading.default\">\n\t\t\t\t<div class=\"elementor-widget-container\">\n\t\t\t\t\t<h2 class=\"elementor-heading-title elementor-size-default\">BIO<\/h2>\t\t\t\t<\/div>\n\t\t\t\t<\/div>\n\t\t\t\t\t<\/div>\n\t\t<\/div>\n\t\t\t\t\t<\/div>\n\t\t<\/section>\n\t\t\t\t<section class=\"elementor-section elementor-top-section elementor-element elementor-element-11488cc elementor-section-boxed elementor-section-height-default elementor-section-height-default\" data-id=\"11488cc\" data-element_type=\"section\">\n\t\t\t\t\t\t<div class=\"elementor-container elementor-column-gap-default\">\n\t\t\t\t\t<div class=\"elementor-column elementor-col-100 elementor-top-column elementor-element elementor-element-f01e545\" data-id=\"f01e545\" data-element_type=\"column\">\n\t\t\t<div class=\"elementor-widget-wrap elementor-element-populated\">\n\t\t\t\t\t\t<div class=\"elementor-element elementor-element-29aa7b9 elementor-widget elementor-widget-text-editor\" data-id=\"29aa7b9\" data-element_type=\"widget\" data-widget_type=\"text-editor.default\">\n\t\t\t\t<div class=\"elementor-widget-container\">\n\t\t\t\t\t\t\t\t\t<p><span><span style=\"font-weight: bolder;\">Ricardo Barcellos (Porto Alegre, 1969)<\/span><\/span><\/p><p><span>He understands his practice as stemming from shifts in the paths that lead images to the condition of promise.<\/span><\/p>\n<p><span>The artist creates series that explore the notion of deviation, in the literal sense of the term, as if each work sought to destabilize the common sense of the practice with which he maintains a close relationship, that is, that part of image production related to seduction and idealization.<\/span><\/p>\n<p><span><br><\/span><\/p>\n<p><span>He has held solo exhibitions at institutions such as Usina do Gas\u00f4metro (RS), Pa\u00e7o das Artes (SP), and Pinacoteca do Estado de S\u00e3o Paulo (SP). He participated twice in Photoespanha (2011 and 2015). His work has been exhibited in different countries, such as Italy, Germany, Spain, Colombia, Czech Republic and Dominican Republic. He has works in important collections, such as Pirelli-Masp, Pinacoteca do Estado de S\u00e3o Paulo and Mac-RS. Nominated for the PIPA 2022 prize, he received the Conrrado Wessel Photography Award (2009), Hasselblad Masters Latin America (2011), among others.<\/span><\/p>\t\t\t\t\t\t\t\t<\/div>\n\t\t\t\t<\/div>\n\t\t\t\t\t<\/div>\n\t\t<\/div>\n\t\t\t\t\t<\/div>\n\t\t<\/section>\n\t\t\t\t<section class=\"elementor-section elementor-top-section elementor-element elementor-element-58539833 elementor-section-boxed elementor-section-height-default elementor-section-height-default\" data-id=\"58539833\" data-element_type=\"section\">\n\t\t\t\t\t\t<div class=\"elementor-container elementor-column-gap-default\">\n\t\t\t\t\t<div class=\"elementor-column elementor-col-100 elementor-top-column elementor-element elementor-element-2d4bc64c\" data-id=\"2d4bc64c\" data-element_type=\"column\">\n\t\t\t<div class=\"elementor-widget-wrap elementor-element-populated\">\n\t\t\t\t\t\t<div class=\"elementor-element elementor-element-60fbd6fc elementor-widget elementor-widget-text-editor\" data-id=\"60fbd6fc\" data-element_type=\"widget\" data-widget_type=\"text-editor.default\">\n\t\t\t\t<div class=\"elementor-widget-container\">\n\t\t\t\t\t\t\t\t\t<a href=\"#\" dddd=\"\">\n\t\t\t\t\t\t<\/a>\t\t\t\t\t\t\t\t<\/div>\n\t\t\t\t<\/div>\n\t\t\t\t\t<\/div>\n\t\t<\/div>\n\t\t\t\t\t<\/div>\n\t\t<\/section>\n\t\t\t\t<section class=\"elementor-section elementor-top-section elementor-element elementor-element-399d04fc elementor-section-boxed elementor-section-height-default elementor-section-height-default\" data-id=\"399d04fc\" data-element_type=\"section\">\n\t\t\t\t\t\t<div class=\"elementor-container elementor-column-gap-default\">\n\t\t\t\t\t<div class=\"elementor-column elementor-col-100 elementor-top-column elementor-element elementor-element-24aa5c2e\" data-id=\"24aa5c2e\" data-element_type=\"column\">\n\t\t\t<div class=\"elementor-widget-wrap elementor-element-populated\">\n\t\t\t\t\t\t<div class=\"elementor-element elementor-element-76557622 elementor-view-default elementor-invisible elementor-widget elementor-widget-icon\" data-id=\"76557622\" data-element_type=\"widget\" id=\"btn-back\" data-settings=\"{&quot;_animation&quot;:&quot;fadeIn&quot;,&quot;_animation_delay&quot;:1000}\" data-widget_type=\"icon.default\">\n\t\t\t\t<div class=\"elementor-widget-container\">\n\t\t\t\t\t\t\t<div class=\"elementor-icon-wrapper\">\n\t\t\t<a class=\"elementor-icon\" href=\"#\">\n\t\t\t<i aria-hidden=\"true\" class=\"far fa-arrow-alt-circle-left\"><\/i>\t\t\t<\/a>\n\t\t<\/div>\n\t\t\t\t\t\t<\/div>\n\t\t\t\t<\/div>\n\t\t\t\t\t<\/div>\n\t\t<\/div>\n\t\t\t\t\t<\/div>\n\t\t<\/section>\n\t\t\t\t<\/div>\n\t\t","protected":false},"excerpt":{"rendered":"<p>BIO Ricardo Barcellos (Porto Alegre, 1969) He understands his practice as stemming from shifts in the paths that lead images to the condition of promise. The artist creates series that explore the notion of deviation, in the literal sense of the term, as if each work sought to destabilize the common sense of the practice [&hellip;]<\/p>\n","protected":false},"author":1,"featured_media":0,"parent":0,"menu_order":0,"comment_status":"closed","ping_status":"closed","template":"","meta":{"_acf_changed":false,"footnotes":""},"class_list":["post-466","page","type-page","status-publish","hentry"],"acf":[],"_links":{"self":[{"href":"https:\/\/ricardobarcellos.art.br\/en\/wp-json\/wp\/v2\/pages\/466","targetHints":{"allow":["GET"]}}],"collection":[{"href":"https:\/\/ricardobarcellos.art.br\/en\/wp-json\/wp\/v2\/pages"}],"about":[{"href":"https:\/\/ricardobarcellos.art.br\/en\/wp-json\/wp\/v2\/types\/page"}],"author":[{"embeddable":true,"href":"https:\/\/ricardobarcellos.art.br\/en\/wp-json\/wp\/v2\/users\/1"}],"replies":[{"embeddable":true,"href":"https:\/\/ricardobarcellos.art.br\/en\/wp-json\/wp\/v2\/comments?post=466"}],"version-history":[{"count":29,"href":"https:\/\/ricardobarcellos.art.br\/en\/wp-json\/wp\/v2\/pages\/466\/revisions"}],"predecessor-version":[{"id":1407,"href":"https:\/\/ricardobarcellos.art.br\/en\/wp-json\/wp\/v2\/pages\/466\/revisions\/1407"}],"wp:attachment":[{"href":"https:\/\/ricardobarcellos.art.br\/en\/wp-json\/wp\/v2\/media?parent=466"}],"curies":[{"name":"wp","href":"https:\/\/api.w.org\/{rel}","templated":true}]}}